{"id":89,"date":"2023-05-14T17:18:04","date_gmt":"2023-05-14T17:18:04","guid":{"rendered":"https:\/\/bellavida-ni.com\/?post_type=product&#038;p=89"},"modified":"2023-05-17T17:15:09","modified_gmt":"2023-05-17T17:15:09","slug":"pedicure-disc-sponges-buffing-mo20mm30-pcs","status":"publish","type":"product","link":"https:\/\/bellavida-ni.com\/en\/shop\/pedicure-disc-sponges-buffing-mo20mm30-pcs\/","title":{"rendered":"Kerman Pedicure disc sponges\/polishing M,\u00d820mm,30 pcs"},"content":{"rendered":"<h6 style=\"text-align: center;\"><em><strong>Kerman Pedicure sponge\/polishing disc M, \u00d820mm<\/strong><\/em><\/h6>\n<p>&nbsp;<\/p>\n<div data-canvas-width=\"170.928\">\n<ul>\n<li>Integrated soft foam layer, to reduce abrasive pressure on the foot<\/li>\n<li>Self-adhesive, designed to adhere to pedicure discs made by Kerman<\/li>\n<li>30 replacement abrasive stickers per pack<\/li>\n<li>Disposable, to file and polish the skin of the foot after treating it<\/li>\n<li>320 grit<\/li>\n<\/ul>\n<p>&nbsp;<\/p>\n<h6 style=\"text-align: center;\"><em><strong>!IMPORTANT<\/strong><\/em><\/h6>\n<h6><strong><em>Replaceable abrasive adhesives should be removed from the disc immediately after treating the skin. Slowly remove the abrasive adhesive from the base.<\/em><\/strong><\/h6>\n<h6><strong><em>Made in Europe<\/em><\/strong><\/h6>\n<\/div>\n<div data-canvas-width=\"170.928\"><\/div>","protected":false},"excerpt":{"rendered":"<p>Kerman Pedicure disco esponjas\/pulido M,\u00d820mm &nbsp; Capa de espuma suave integrada, para reducir la presi\u00f3n abrasiva sobre el pie Autoadhesivo, dise\u00f1ado para&hellip;<\/p>","protected":false},"featured_media":117,"template":"","meta":[],"product_cat":[50],"product_tag":[51],"class_list":["post-89","product","type-product","status-publish","has-post-thumbnail","hentry","product_cat-disco-sponges-buffing","product_tag-m-o20mm"],"_links":{"self":[{"href":"https:\/\/bellavida-ni.com\/en\/wp-json\/wp\/v2\/product\/89","targetHints":{"allow":["GET"]}}],"collection":[{"href":"https:\/\/bellavida-ni.com\/en\/wp-json\/wp\/v2\/product"}],"about":[{"href":"https:\/\/bellavida-ni.com\/en\/wp-json\/wp\/v2\/types\/product"}],"wp:featuredmedia":[{"embeddable":true,"href":"https:\/\/bellavida-ni.com\/en\/wp-json\/wp\/v2\/media\/117"}],"wp:attachment":[{"href":"https:\/\/bellavida-ni.com\/en\/wp-json\/wp\/v2\/media?parent=89"}],"wp:term":[{"taxonomy":"product_cat","embeddable":true,"href":"https:\/\/bellavida-ni.com\/en\/wp-json\/wp\/v2\/product_cat?post=89"},{"taxonomy":"product_tag","embeddable":true,"href":"https:\/\/bellavida-ni.com\/en\/wp-json\/wp\/v2\/product_tag?post=89"}],"curies":[{"name":"wp","href":"https:\/\/api.w.org\/{rel}","templated":true}]}}